{"id":9,"date":"2026-03-27T14:48:59","date_gmt":"2026-03-27T13:48:59","guid":{"rendered":"https:\/\/wp12.cours-copm2061.helha.be\/?page_id=9"},"modified":"2026-04-26T16:59:52","modified_gmt":"2026-04-26T14:59:52","slug":"food-truck-bagels-burgers","status":"publish","type":"page","link":"https:\/\/wp12.cours-copm2061.helha.be\/?page_id=9","title":{"rendered":"Histoire"},"content":{"rendered":"\n<figure class=\"wp-block-image alignright size-full is-resized\"><img loading=\"lazy\" decoding=\"async\" width=\"700\" height=\"525\" src=\"https:\/\/wp12.cours-copm2061.helha.be\/wp-content\/uploads\/2026\/03\/67742d61ca1058716a5ee202-1.webp\" alt=\"food truck bagels et burgers histoire\n\" class=\"wp-image-75\" style=\"width:381px;height:auto\" srcset=\"https:\/\/wp12.cours-copm2061.helha.be\/wp-content\/uploads\/2026\/03\/67742d61ca1058716a5ee202-1.webp 700w, https:\/\/wp12.cours-copm2061.helha.be\/wp-content\/uploads\/2026\/03\/67742d61ca1058716a5ee202-1-300x225.webp 300w\" sizes=\"auto, (max-width: 700px) 100vw, 700px\" \/><\/figure>\n\n\n\n<h2 class=\"wp-block-heading\"><strong>De New York \u00e0 Londres : Notre histoire <\/strong><\/h2>\n\n\n\n<p><\/p>\n\n\n\n<p class=\"has-text-align-left has-medium-font-size\">Bagel &amp; Burger, ou B\u2019N\u2019B pour les intimes, c\u2019est l\u2019histoire de deux voyages qui se sont rencontr\u00e9s.<\/p>\n\n\n\n<p class=\"has-medium-font-size\">D\u2019un c\u00f4t\u00e9, El\u00e9ana, conquise par les c\u00e9l\u00e8bres bagels de New York. De l\u2019autre, Oph\u00e9lie, charm\u00e9e par les burgers londoniens.<\/p>\n\n\n\n<p class=\"has-text-align-left has-medium-font-size\">De cette rencontre est n\u00e9e une id\u00e9e qui deviendra un merveilleux projet : partager nos voyages \u00e0 travers un&nbsp;<strong>food truck bagels et burgers histoire<\/strong>.<\/p>\n\n\n\n<h2 class=\"wp-block-heading\"><strong>Une aventure n\u00e9e de nos souvenirs d\u2019\u00e9tudiantes<\/strong><\/h2>\n\n\n\n<figure class=\"wp-block-image aligncenter\"><img loading=\"lazy\" decoding=\"async\" width=\"1024\" height=\"576\" src=\"https:\/\/wp12.cours-copm2061.helha.be\/wp-content\/uploads\/2026\/03\/Farmersproduce.jpg-1024x576.webp\" alt=\"food truck bagels et burgers histoire\" class=\"wp-image-78\" srcset=\"https:\/\/wp12.cours-copm2061.helha.be\/wp-content\/uploads\/2026\/03\/Farmersproduce.jpg-1024x576.webp 1024w, https:\/\/wp12.cours-copm2061.helha.be\/wp-content\/uploads\/2026\/03\/Farmersproduce.jpg-300x169.webp 300w, https:\/\/wp12.cours-copm2061.helha.be\/wp-content\/uploads\/2026\/03\/Farmersproduce.jpg-768x432.webp 768w, https:\/\/wp12.cours-copm2061.helha.be\/wp-content\/uploads\/2026\/03\/Farmersproduce.jpg.webp 1400w\" sizes=\"auto, (max-width: 1024px) 100vw, 1024px\" \/><\/figure>\n\n\n\n<p class=\"has-medium-font-size\">Cette histoire ne parle pas seulement de cuisine, mais aussi de sens, de partage et de souvenirs.<\/p>\n\n\n\n<p class=\"has-medium-font-size\">Apr\u00e8s quelques ann\u00e9es sur les bancs de l\u2019\u00e9cole, nous nous souvenions des pauses de midi souvent courtes, sans v\u00e9ritable endroit pour se retrouver autour d\u2019un bon repas \u00e0 petit prix.<\/p>\n\n\n\n<p class=\"has-medium-font-size\">C\u2019est de l\u00e0 qu\u2019est venue l\u2019envie de cr\u00e9er quelque chose de diff\u00e9rent, accessible et gourmand.<\/p>\n\n\n\n<p class=\"has-medium-font-size\">Nous voulions proposer une alternative simple pour les \u00e9tudiants, en gardant toujours un \u00e9quilibre entre qualit\u00e9, rapidit\u00e9 et prix abordable.<\/p>\n\n\n\n<p><\/p>\n\n\n\n<figure class=\"wp-block-image alignleft size-large is-resized\"><img loading=\"lazy\" decoding=\"async\" width=\"810\" height=\"1080\" src=\"https:\/\/wp12.cours-copm2061.helha.be\/wp-content\/uploads\/2026\/03\/AVC-ACT-093197_0-6-edited.jpg\" alt=\"food truck bagels et burgers histoire\n\" class=\"wp-image-77\" style=\"aspect-ratio:0.7500233448501261;width:295px;height:auto\" srcset=\"https:\/\/wp12.cours-copm2061.helha.be\/wp-content\/uploads\/2026\/03\/AVC-ACT-093197_0-6-edited.jpg 810w, https:\/\/wp12.cours-copm2061.helha.be\/wp-content\/uploads\/2026\/03\/AVC-ACT-093197_0-6-edited-225x300.jpg 225w, https:\/\/wp12.cours-copm2061.helha.be\/wp-content\/uploads\/2026\/03\/AVC-ACT-093197_0-6-edited-768x1024.jpg 768w\" sizes=\"auto, (max-width: 810px) 100vw, 810px\" \/><\/figure>\n\n\n\n<h2 class=\"wp-block-heading\"><strong>Le d\u00e9but de notre food truck<\/strong><\/h2>\n\n\n\n<p class=\"has-medium-font-size\">C\u2019est ainsi que notre food truck a vu le jour le 19 septembre 2025.<\/p>\n\n\n\n<p class=\"has-medium-font-size\">Le jour o\u00f9 tout a commenc\u00e9, lors d\u2019une semaine d\u00e9di\u00e9e aux Relations Publiques, nous avons \u00e9t\u00e9 surprises de voir \u00e0 quel point les pauses repas \u00e9taient importantes pour les \u00e9tudiants.<\/p>\n\n\n\n<p class=\"has-medium-font-size\">Sans attendre, nous avons d\u00e9cid\u00e9 de faire de B\u2019N\u2019B une r\u00e9f\u00e9rence sur le campus de la <a href=\"https:\/\/www.helha.be\/implantation\/helha-montignies-sur-sambre\/\" type=\"link\" id=\"https:\/\/www.helha.be\/implantation\/helha-montignies-sur-sambre\/\">HELHa de Montignies-sur-Sambre<\/a>, mais aussi lors d\u2019\u00e9v\u00e9nements.<\/p>\n\n\n\n<p class=\"has-medium-font-size\">Aujourd\u2019hui, cette aventure continue d\u2019\u00e9voluer avec nous, port\u00e9e par l\u2019envie de proposer une exp\u00e9rience conviviale, simple et accessible \u00e0 tous.<\/p>\n\n\n\n<p><\/p>\n\n\n\n<div class=\"wp-block-buttons is-content-justification-center is-layout-flex wp-container-core-buttons-is-layout-a89b3969 wp-block-buttons-is-layout-flex\">\n<div class=\"wp-block-button\"><a class=\"wp-block-button__link wp-element-button\" href=\"https:\/\/wp12.cours-copm2061.helha.be\/?page_id=11\">D\u00e9couvrez notre&nbsp;<strong>menu food truck<\/strong><\/a><\/div>\n<\/div>\n\n\n\n<p><\/p>\n","protected":false},"excerpt":{"rendered":"<p>De New York \u00e0 Londres : Notre histoire Bagel &amp; Burger, ou B\u2019N\u2019B pour les intimes, c\u2019est l\u2019histoire de deux voyages qui se sont rencontr\u00e9s. D\u2019un c\u00f4t\u00e9, El\u00e9ana, conquise par les c\u00e9l\u00e8bres bagels de New York. De l\u2019autre, Oph\u00e9lie, charm\u00e9e par les burgers londoniens. De cette rencontre est n\u00e9e une id\u00e9e qui deviendra un merveilleux [&hellip;]<\/p>\n","protected":false},"author":1,"featured_media":0,"parent":0,"menu_order":0,"comment_status":"closed","ping_status":"closed","template":"","meta":{"footnotes":""},"class_list":["post-9","page","type-page","status-publish","hentry"],"yoast_head":"<!-- This site is optimized with the Yoast SEO plugin v27.2 - https:\/\/yoast.com\/product\/yoast-seo-wordpress\/ -->\n<title>Histoire - Bagel and Burger<\/title>\n<meta name=\"description\" content=\"D\u00e9couvrez l\u2019histoire de notre food truck bagels burgers, n\u00e9 entre New York et Londres et port\u00e9 par une passion commune pour la street food.\" \/>\n<meta name=\"robots\" content=\"index, follow, max-snippet:-1, max-image-preview:large, max-video-preview:-1\" \/>\n<link rel=\"canonical\" href=\"https:\/\/wp12.cours-copm2061.helha.be\/?page_id=9\" \/>\n<meta property=\"og:locale\" content=\"fr_FR\" \/>\n<meta property=\"og:type\" content=\"article\" \/>\n<meta property=\"og:title\" content=\"Histoire - Bagel and Burger\" \/>\n<meta property=\"og:description\" content=\"D\u00e9couvrez l\u2019histoire de notre food truck bagels burgers, n\u00e9 entre New York et Londres et port\u00e9 par une passion commune pour la street food.\" \/>\n<meta property=\"og:url\" content=\"https:\/\/wp12.cours-copm2061.helha.be\/?page_id=9\" \/>\n<meta property=\"og:site_name\" content=\"Bagel and Burger\" \/>\n<meta property=\"article:modified_time\" content=\"2026-04-26T14:59:52+00:00\" \/>\n<meta property=\"og:image\" content=\"https:\/\/wp12.cours-copm2061.helha.be\/wp-content\/uploads\/2026\/03\/67742d61ca1058716a5ee202-1.webp\" \/>\n\t<meta property=\"og:image:width\" content=\"700\" \/>\n\t<meta property=\"og:image:height\" content=\"525\" \/>\n\t<meta property=\"og:image:type\" content=\"image\/webp\" \/>\n<meta name=\"twitter:card\" content=\"summary_large_image\" \/>\n<meta name=\"twitter:label1\" content=\"Dur\u00e9e de lecture estim\u00e9e\" \/>\n\t<meta name=\"twitter:data1\" content=\"2 minutes\" \/>\n<script type=\"application\/ld+json\" class=\"yoast-schema-graph\">{\"@context\":\"https:\/\/schema.org\",\"@graph\":[{\"@type\":\"WebPage\",\"@id\":\"https:\/\/wp12.cours-copm2061.helha.be\/?page_id=9\",\"url\":\"https:\/\/wp12.cours-copm2061.helha.be\/?page_id=9\",\"name\":\"Histoire - Bagel and Burger\",\"isPartOf\":{\"@id\":\"https:\/\/wp12.cours-copm2061.helha.be\/#website\"},\"primaryImageOfPage\":{\"@id\":\"https:\/\/wp12.cours-copm2061.helha.be\/?page_id=9#primaryimage\"},\"image\":{\"@id\":\"https:\/\/wp12.cours-copm2061.helha.be\/?page_id=9#primaryimage\"},\"thumbnailUrl\":\"https:\/\/wp12.cours-copm2061.helha.be\/wp-content\/uploads\/2026\/03\/67742d61ca1058716a5ee202-1.webp\",\"datePublished\":\"2026-03-27T13:48:59+00:00\",\"dateModified\":\"2026-04-26T14:59:52+00:00\",\"description\":\"D\u00e9couvrez l\u2019histoire de notre food truck bagels burgers, n\u00e9 entre New York et Londres et port\u00e9 par une passion commune pour la street food.\",\"breadcrumb\":{\"@id\":\"https:\/\/wp12.cours-copm2061.helha.be\/?page_id=9#breadcrumb\"},\"inLanguage\":\"fr-FR\",\"potentialAction\":[{\"@type\":\"ReadAction\",\"target\":[\"https:\/\/wp12.cours-copm2061.helha.be\/?page_id=9\"]}]},{\"@type\":\"ImageObject\",\"inLanguage\":\"fr-FR\",\"@id\":\"https:\/\/wp12.cours-copm2061.helha.be\/?page_id=9#primaryimage\",\"url\":\"https:\/\/wp12.cours-copm2061.helha.be\/wp-content\/uploads\/2026\/03\/67742d61ca1058716a5ee202-1.webp\",\"contentUrl\":\"https:\/\/wp12.cours-copm2061.helha.be\/wp-content\/uploads\/2026\/03\/67742d61ca1058716a5ee202-1.webp\",\"width\":700,\"height\":525},{\"@type\":\"BreadcrumbList\",\"@id\":\"https:\/\/wp12.cours-copm2061.helha.be\/?page_id=9#breadcrumb\",\"itemListElement\":[{\"@type\":\"ListItem\",\"position\":1,\"name\":\"Accueil\",\"item\":\"https:\/\/wp12.cours-copm2061.helha.be\/\"},{\"@type\":\"ListItem\",\"position\":2,\"name\":\"Histoire\"}]},{\"@type\":\"WebSite\",\"@id\":\"https:\/\/wp12.cours-copm2061.helha.be\/#website\",\"url\":\"https:\/\/wp12.cours-copm2061.helha.be\/\",\"name\":\"Bagel and Burger\",\"description\":\"Chez B&#039;N&#039;B tout en mini !\",\"publisher\":{\"@id\":\"https:\/\/wp12.cours-copm2061.helha.be\/#organization\"},\"potentialAction\":[{\"@type\":\"SearchAction\",\"target\":{\"@type\":\"EntryPoint\",\"urlTemplate\":\"https:\/\/wp12.cours-copm2061.helha.be\/?s={search_term_string}\"},\"query-input\":{\"@type\":\"PropertyValueSpecification\",\"valueRequired\":true,\"valueName\":\"search_term_string\"}}],\"inLanguage\":\"fr-FR\"},{\"@type\":\"Organization\",\"@id\":\"https:\/\/wp12.cours-copm2061.helha.be\/#organization\",\"name\":\"Bagel and Burger\",\"url\":\"https:\/\/wp12.cours-copm2061.helha.be\/\",\"logo\":{\"@type\":\"ImageObject\",\"inLanguage\":\"fr-FR\",\"@id\":\"https:\/\/wp12.cours-copm2061.helha.be\/#\/schema\/logo\/image\/\",\"url\":\"https:\/\/wp12.cours-copm2061.helha.be\/wp-content\/uploads\/2026\/03\/Capture-decran-2026-03-27-a-20.57.57.png\",\"contentUrl\":\"https:\/\/wp12.cours-copm2061.helha.be\/wp-content\/uploads\/2026\/03\/Capture-decran-2026-03-27-a-20.57.57.png\",\"width\":1168,\"height\":422,\"caption\":\"Bagel and Burger\"},\"image\":{\"@id\":\"https:\/\/wp12.cours-copm2061.helha.be\/#\/schema\/logo\/image\/\"}}]}<\/script>\n<!-- \/ Yoast SEO plugin. -->","yoast_head_json":{"title":"Histoire - Bagel and Burger","description":"D\u00e9couvrez l\u2019histoire de notre food truck bagels burgers, n\u00e9 entre New York et Londres et port\u00e9 par une passion commune pour la street food.","robots":{"index":"index","follow":"follow","max-snippet":"max-snippet:-1","max-image-preview":"max-image-preview:large","max-video-preview":"max-video-preview:-1"},"canonical":"https:\/\/wp12.cours-copm2061.helha.be\/?page_id=9","og_locale":"fr_FR","og_type":"article","og_title":"Histoire - Bagel and Burger","og_description":"D\u00e9couvrez l\u2019histoire de notre food truck bagels burgers, n\u00e9 entre New York et Londres et port\u00e9 par une passion commune pour la street food.","og_url":"https:\/\/wp12.cours-copm2061.helha.be\/?page_id=9","og_site_name":"Bagel and Burger","article_modified_time":"2026-04-26T14:59:52+00:00","og_image":[{"width":700,"height":525,"url":"https:\/\/wp12.cours-copm2061.helha.be\/wp-content\/uploads\/2026\/03\/67742d61ca1058716a5ee202-1.webp","type":"image\/webp"}],"twitter_card":"summary_large_image","twitter_misc":{"Dur\u00e9e de lecture estim\u00e9e":"2 minutes"},"schema":{"@context":"https:\/\/schema.org","@graph":[{"@type":"WebPage","@id":"https:\/\/wp12.cours-copm2061.helha.be\/?page_id=9","url":"https:\/\/wp12.cours-copm2061.helha.be\/?page_id=9","name":"Histoire - Bagel and Burger","isPartOf":{"@id":"https:\/\/wp12.cours-copm2061.helha.be\/#website"},"primaryImageOfPage":{"@id":"https:\/\/wp12.cours-copm2061.helha.be\/?page_id=9#primaryimage"},"image":{"@id":"https:\/\/wp12.cours-copm2061.helha.be\/?page_id=9#primaryimage"},"thumbnailUrl":"https:\/\/wp12.cours-copm2061.helha.be\/wp-content\/uploads\/2026\/03\/67742d61ca1058716a5ee202-1.webp","datePublished":"2026-03-27T13:48:59+00:00","dateModified":"2026-04-26T14:59:52+00:00","description":"D\u00e9couvrez l\u2019histoire de notre food truck bagels burgers, n\u00e9 entre New York et Londres et port\u00e9 par une passion commune pour la street food.","breadcrumb":{"@id":"https:\/\/wp12.cours-copm2061.helha.be\/?page_id=9#breadcrumb"},"inLanguage":"fr-FR","potentialAction":[{"@type":"ReadAction","target":["https:\/\/wp12.cours-copm2061.helha.be\/?page_id=9"]}]},{"@type":"ImageObject","inLanguage":"fr-FR","@id":"https:\/\/wp12.cours-copm2061.helha.be\/?page_id=9#primaryimage","url":"https:\/\/wp12.cours-copm2061.helha.be\/wp-content\/uploads\/2026\/03\/67742d61ca1058716a5ee202-1.webp","contentUrl":"https:\/\/wp12.cours-copm2061.helha.be\/wp-content\/uploads\/2026\/03\/67742d61ca1058716a5ee202-1.webp","width":700,"height":525},{"@type":"BreadcrumbList","@id":"https:\/\/wp12.cours-copm2061.helha.be\/?page_id=9#breadcrumb","itemListElement":[{"@type":"ListItem","position":1,"name":"Accueil","item":"https:\/\/wp12.cours-copm2061.helha.be\/"},{"@type":"ListItem","position":2,"name":"Histoire"}]},{"@type":"WebSite","@id":"https:\/\/wp12.cours-copm2061.helha.be\/#website","url":"https:\/\/wp12.cours-copm2061.helha.be\/","name":"Bagel and Burger","description":"Chez B&#039;N&#039;B tout en mini !","publisher":{"@id":"https:\/\/wp12.cours-copm2061.helha.be\/#organization"},"potentialAction":[{"@type":"SearchAction","target":{"@type":"EntryPoint","urlTemplate":"https:\/\/wp12.cours-copm2061.helha.be\/?s={search_term_string}"},"query-input":{"@type":"PropertyValueSpecification","valueRequired":true,"valueName":"search_term_string"}}],"inLanguage":"fr-FR"},{"@type":"Organization","@id":"https:\/\/wp12.cours-copm2061.helha.be\/#organization","name":"Bagel and Burger","url":"https:\/\/wp12.cours-copm2061.helha.be\/","logo":{"@type":"ImageObject","inLanguage":"fr-FR","@id":"https:\/\/wp12.cours-copm2061.helha.be\/#\/schema\/logo\/image\/","url":"https:\/\/wp12.cours-copm2061.helha.be\/wp-content\/uploads\/2026\/03\/Capture-decran-2026-03-27-a-20.57.57.png","contentUrl":"https:\/\/wp12.cours-copm2061.helha.be\/wp-content\/uploads\/2026\/03\/Capture-decran-2026-03-27-a-20.57.57.png","width":1168,"height":422,"caption":"Bagel and Burger"},"image":{"@id":"https:\/\/wp12.cours-copm2061.helha.be\/#\/schema\/logo\/image\/"}}]}},"_links":{"self":[{"href":"https:\/\/wp12.cours-copm2061.helha.be\/index.php?rest_route=\/wp\/v2\/pages\/9","targetHints":{"allow":["GET"]}}],"collection":[{"href":"https:\/\/wp12.cours-copm2061.helha.be\/index.php?rest_route=\/wp\/v2\/pages"}],"about":[{"href":"https:\/\/wp12.cours-copm2061.helha.be\/index.php?rest_route=\/wp\/v2\/types\/page"}],"author":[{"embeddable":true,"href":"https:\/\/wp12.cours-copm2061.helha.be\/index.php?rest_route=\/wp\/v2\/users\/1"}],"replies":[{"embeddable":true,"href":"https:\/\/wp12.cours-copm2061.helha.be\/index.php?rest_route=%2Fwp%2Fv2%2Fcomments&post=9"}],"version-history":[{"count":15,"href":"https:\/\/wp12.cours-copm2061.helha.be\/index.php?rest_route=\/wp\/v2\/pages\/9\/revisions"}],"predecessor-version":[{"id":135,"href":"https:\/\/wp12.cours-copm2061.helha.be\/index.php?rest_route=\/wp\/v2\/pages\/9\/revisions\/135"}],"wp:attachment":[{"href":"https:\/\/wp12.cours-copm2061.helha.be\/index.php?rest_route=%2Fwp%2Fv2%2Fmedia&parent=9"}],"curies":[{"name":"wp","href":"https:\/\/api.w.org\/{rel}","templated":true}]}}