{"id":126,"date":"2026-04-26T16:46:13","date_gmt":"2026-04-26T14:46:13","guid":{"rendered":"https:\/\/wp12.cours-copm2061.helha.be\/?page_id=126"},"modified":"2026-04-26T16:57:31","modified_gmt":"2026-04-26T14:57:31","slug":"podcast-bnb","status":"publish","type":"page","link":"https:\/\/wp12.cours-copm2061.helha.be\/?page_id=126","title":{"rendered":"Notre podcast"},"content":{"rendered":"\n<figure class=\"wp-block-image alignfull size-full\"><img loading=\"lazy\" decoding=\"async\" width=\"720\" height=\"360\" src=\"https:\/\/wp12.cours-copm2061.helha.be\/wp-content\/uploads\/2026\/04\/360_F_418874697_trvAoXSfjetoptCXpR8N8XvO3R5eLtL4.jpg\" alt=\"\" class=\"wp-image-130\" srcset=\"https:\/\/wp12.cours-copm2061.helha.be\/wp-content\/uploads\/2026\/04\/360_F_418874697_trvAoXSfjetoptCXpR8N8XvO3R5eLtL4.jpg 720w, https:\/\/wp12.cours-copm2061.helha.be\/wp-content\/uploads\/2026\/04\/360_F_418874697_trvAoXSfjetoptCXpR8N8XvO3R5eLtL4-300x150.jpg 300w\" sizes=\"auto, (max-width: 720px) 100vw, 720px\" \/><\/figure>\n\n\n\n<h2 class=\"wp-block-heading\">Un podcast autour de Bagel &amp; Burger<\/h2>\n\n\n\n<p>Le podcast BNB food truck est un projet li\u00e9 \u00e0 notre food truck Bagel &amp; Burger. Dans cet audio, nous allons \u00e0 la rencontre de diff\u00e9rentes personnes pour leur poser des questions vari\u00e9es autour de la vie \u00e9tudiante, de la nourriture et de notre concept. Ainsi, chaque \u00e9change permet de d\u00e9couvrir des r\u00e9actions naturelles et des avis diff\u00e9rents sur notre projet.<\/p>\n\n\n\n<h2 class=\"wp-block-heading\">Un \u00e9change authentique<\/h2>\n\n\n\n<p>Dans ce podcast BNB food truck, nous posons des questions simples et spontan\u00e9es. Nous parlons notamment de notre <a href=\"https:\/\/en.wikipedia.org\/wiki\/Food_truck\" type=\"link\" id=\"https:\/\/en.wikipedia.org\/wiki\/Food_truck\">food truck<\/a>, mais aussi des habitudes alimentaires et des envies des \u00e9tudiants. De plus, les r\u00e9ponses sont naturelles et permettent de mieux comprendre la perception du projet.<\/p>\n\n\n\n<h2 class=\"wp-block-heading\">Une exp\u00e9rience de terrain<\/h2>\n\n\n\n<p>Cet audio a \u00e9t\u00e9 cr\u00e9\u00e9 pour tester un format diff\u00e9rent de communication. Il nous permet d\u2019aller directement \u00e0 la rencontre des gens et de recueillir leurs avis. Par ailleurs, cela nous aide \u00e0 am\u00e9liorer notre concept en fonction des retours.<\/p>\n\n\n\n<h2 class=\"wp-block-heading\">Une extension de B\u2019N\u2019B<\/h2>\n\n\n\n<p>Ce podcast donne la parole aux gens et permet de r\u00e9colter des avis de mani\u00e8re simple et naturelle. Il compl\u00e8te notre food truck en apportant une dimension plus humaine et interactive.<\/p>\n\n\n\n<h2 class=\"wp-block-heading\">Un projet en \u00e9volution<\/h2>\n\n\n\n<p>Le podcast BNB food truck est aussi une mani\u00e8re d\u2019\u00e9voluer et de tester de nouvelles id\u00e9es. Gr\u00e2ce aux \u00e9changes, nous comprenons mieux les attentes des \u00e9tudiants et adaptons notre approche. Cela rend notre projet plus vivant et plus proche des gens.<\/p>\n\n\n\n<figure class=\"wp-block-audio\"><audio controls src=\"https:\/\/wp12.cours-copm2061.helha.be\/wp-content\/uploads\/2026\/04\/Podcast-B-and-B-version-finale-.mp3\"><\/audio><\/figure>\n","protected":false},"excerpt":{"rendered":"<p>Un podcast autour de Bagel &amp; Burger Le podcast BNB food truck est un projet li\u00e9 \u00e0 notre food truck Bagel &amp; Burger. Dans cet audio, nous allons \u00e0 la rencontre de diff\u00e9rentes personnes pour leur poser des questions vari\u00e9es autour de la vie \u00e9tudiante, de la nourriture et de notre concept. Ainsi, chaque \u00e9change [&hellip;]<\/p>\n","protected":false},"author":1,"featured_media":0,"parent":0,"menu_order":0,"comment_status":"closed","ping_status":"closed","template":"","meta":{"footnotes":""},"class_list":["post-126","page","type-page","status-publish","hentry"],"yoast_head":"<!-- This site is optimized with the Yoast SEO plugin v27.2 - https:\/\/yoast.com\/product\/yoast-seo-wordpress\/ -->\n<title>Notre podcast - Bagel and Burger<\/title>\n<meta name=\"description\" content=\"D\u00e9couvrez le podcast BNB de Bagel &amp; Burger, un audio unique o\u00f9 nous posons des questions autour de la vie \u00e9tudiante et de notre food truck.\" \/>\n<meta name=\"robots\" content=\"index, follow, max-snippet:-1, max-image-preview:large, max-video-preview:-1\" \/>\n<link rel=\"canonical\" href=\"https:\/\/wp12.cours-copm2061.helha.be\/?page_id=126\" \/>\n<meta property=\"og:locale\" content=\"fr_FR\" \/>\n<meta property=\"og:type\" content=\"article\" \/>\n<meta property=\"og:title\" content=\"Notre podcast - Bagel and Burger\" \/>\n<meta property=\"og:description\" content=\"D\u00e9couvrez le podcast BNB de Bagel &amp; Burger, un audio unique o\u00f9 nous posons des questions autour de la vie \u00e9tudiante et de notre food truck.\" \/>\n<meta property=\"og:url\" content=\"https:\/\/wp12.cours-copm2061.helha.be\/?page_id=126\" \/>\n<meta property=\"og:site_name\" content=\"Bagel and Burger\" \/>\n<meta property=\"article:modified_time\" content=\"2026-04-26T14:57:31+00:00\" \/>\n<meta property=\"og:image\" content=\"https:\/\/wp12.cours-copm2061.helha.be\/wp-content\/uploads\/2026\/04\/360_F_418874697_trvAoXSfjetoptCXpR8N8XvO3R5eLtL4.jpg\" \/>\n\t<meta property=\"og:image:width\" content=\"720\" \/>\n\t<meta property=\"og:image:height\" content=\"360\" \/>\n\t<meta property=\"og:image:type\" content=\"image\/jpeg\" \/>\n<meta name=\"twitter:card\" content=\"summary_large_image\" \/>\n<meta name=\"twitter:label1\" content=\"Dur\u00e9e de lecture estim\u00e9e\" \/>\n\t<meta name=\"twitter:data1\" content=\"2 minutes\" \/>\n<script type=\"application\/ld+json\" class=\"yoast-schema-graph\">{\"@context\":\"https:\/\/schema.org\",\"@graph\":[{\"@type\":\"WebPage\",\"@id\":\"https:\/\/wp12.cours-copm2061.helha.be\/?page_id=126\",\"url\":\"https:\/\/wp12.cours-copm2061.helha.be\/?page_id=126\",\"name\":\"Notre podcast - Bagel and Burger\",\"isPartOf\":{\"@id\":\"https:\/\/wp12.cours-copm2061.helha.be\/#website\"},\"primaryImageOfPage\":{\"@id\":\"https:\/\/wp12.cours-copm2061.helha.be\/?page_id=126#primaryimage\"},\"image\":{\"@id\":\"https:\/\/wp12.cours-copm2061.helha.be\/?page_id=126#primaryimage\"},\"thumbnailUrl\":\"https:\/\/wp12.cours-copm2061.helha.be\/wp-content\/uploads\/2026\/04\/360_F_418874697_trvAoXSfjetoptCXpR8N8XvO3R5eLtL4.jpg\",\"datePublished\":\"2026-04-26T14:46:13+00:00\",\"dateModified\":\"2026-04-26T14:57:31+00:00\",\"description\":\"D\u00e9couvrez le podcast BNB de Bagel & Burger, un audio unique o\u00f9 nous posons des questions autour de la vie \u00e9tudiante et de notre food truck.\",\"breadcrumb\":{\"@id\":\"https:\/\/wp12.cours-copm2061.helha.be\/?page_id=126#breadcrumb\"},\"inLanguage\":\"fr-FR\",\"potentialAction\":[{\"@type\":\"ReadAction\",\"target\":[\"https:\/\/wp12.cours-copm2061.helha.be\/?page_id=126\"]}]},{\"@type\":\"ImageObject\",\"inLanguage\":\"fr-FR\",\"@id\":\"https:\/\/wp12.cours-copm2061.helha.be\/?page_id=126#primaryimage\",\"url\":\"https:\/\/wp12.cours-copm2061.helha.be\/wp-content\/uploads\/2026\/04\/360_F_418874697_trvAoXSfjetoptCXpR8N8XvO3R5eLtL4.jpg\",\"contentUrl\":\"https:\/\/wp12.cours-copm2061.helha.be\/wp-content\/uploads\/2026\/04\/360_F_418874697_trvAoXSfjetoptCXpR8N8XvO3R5eLtL4.jpg\",\"width\":720,\"height\":360},{\"@type\":\"BreadcrumbList\",\"@id\":\"https:\/\/wp12.cours-copm2061.helha.be\/?page_id=126#breadcrumb\",\"itemListElement\":[{\"@type\":\"ListItem\",\"position\":1,\"name\":\"Accueil\",\"item\":\"https:\/\/wp12.cours-copm2061.helha.be\/\"},{\"@type\":\"ListItem\",\"position\":2,\"name\":\"Notre podcast\"}]},{\"@type\":\"WebSite\",\"@id\":\"https:\/\/wp12.cours-copm2061.helha.be\/#website\",\"url\":\"https:\/\/wp12.cours-copm2061.helha.be\/\",\"name\":\"Bagel and Burger\",\"description\":\"Chez B&#039;N&#039;B tout en mini !\",\"publisher\":{\"@id\":\"https:\/\/wp12.cours-copm2061.helha.be\/#organization\"},\"potentialAction\":[{\"@type\":\"SearchAction\",\"target\":{\"@type\":\"EntryPoint\",\"urlTemplate\":\"https:\/\/wp12.cours-copm2061.helha.be\/?s={search_term_string}\"},\"query-input\":{\"@type\":\"PropertyValueSpecification\",\"valueRequired\":true,\"valueName\":\"search_term_string\"}}],\"inLanguage\":\"fr-FR\"},{\"@type\":\"Organization\",\"@id\":\"https:\/\/wp12.cours-copm2061.helha.be\/#organization\",\"name\":\"Bagel and Burger\",\"url\":\"https:\/\/wp12.cours-copm2061.helha.be\/\",\"logo\":{\"@type\":\"ImageObject\",\"inLanguage\":\"fr-FR\",\"@id\":\"https:\/\/wp12.cours-copm2061.helha.be\/#\/schema\/logo\/image\/\",\"url\":\"https:\/\/wp12.cours-copm2061.helha.be\/wp-content\/uploads\/2026\/03\/Capture-decran-2026-03-27-a-20.57.57.png\",\"contentUrl\":\"https:\/\/wp12.cours-copm2061.helha.be\/wp-content\/uploads\/2026\/03\/Capture-decran-2026-03-27-a-20.57.57.png\",\"width\":1168,\"height\":422,\"caption\":\"Bagel and Burger\"},\"image\":{\"@id\":\"https:\/\/wp12.cours-copm2061.helha.be\/#\/schema\/logo\/image\/\"}}]}<\/script>\n<!-- \/ Yoast SEO plugin. -->","yoast_head_json":{"title":"Notre podcast - Bagel and Burger","description":"D\u00e9couvrez le podcast BNB de Bagel & Burger, un audio unique o\u00f9 nous posons des questions autour de la vie \u00e9tudiante et de notre food truck.","robots":{"index":"index","follow":"follow","max-snippet":"max-snippet:-1","max-image-preview":"max-image-preview:large","max-video-preview":"max-video-preview:-1"},"canonical":"https:\/\/wp12.cours-copm2061.helha.be\/?page_id=126","og_locale":"fr_FR","og_type":"article","og_title":"Notre podcast - Bagel and Burger","og_description":"D\u00e9couvrez le podcast BNB de Bagel & Burger, un audio unique o\u00f9 nous posons des questions autour de la vie \u00e9tudiante et de notre food truck.","og_url":"https:\/\/wp12.cours-copm2061.helha.be\/?page_id=126","og_site_name":"Bagel and Burger","article_modified_time":"2026-04-26T14:57:31+00:00","og_image":[{"width":720,"height":360,"url":"https:\/\/wp12.cours-copm2061.helha.be\/wp-content\/uploads\/2026\/04\/360_F_418874697_trvAoXSfjetoptCXpR8N8XvO3R5eLtL4.jpg","type":"image\/jpeg"}],"twitter_card":"summary_large_image","twitter_misc":{"Dur\u00e9e de lecture estim\u00e9e":"2 minutes"},"schema":{"@context":"https:\/\/schema.org","@graph":[{"@type":"WebPage","@id":"https:\/\/wp12.cours-copm2061.helha.be\/?page_id=126","url":"https:\/\/wp12.cours-copm2061.helha.be\/?page_id=126","name":"Notre podcast - Bagel and Burger","isPartOf":{"@id":"https:\/\/wp12.cours-copm2061.helha.be\/#website"},"primaryImageOfPage":{"@id":"https:\/\/wp12.cours-copm2061.helha.be\/?page_id=126#primaryimage"},"image":{"@id":"https:\/\/wp12.cours-copm2061.helha.be\/?page_id=126#primaryimage"},"thumbnailUrl":"https:\/\/wp12.cours-copm2061.helha.be\/wp-content\/uploads\/2026\/04\/360_F_418874697_trvAoXSfjetoptCXpR8N8XvO3R5eLtL4.jpg","datePublished":"2026-04-26T14:46:13+00:00","dateModified":"2026-04-26T14:57:31+00:00","description":"D\u00e9couvrez le podcast BNB de Bagel & Burger, un audio unique o\u00f9 nous posons des questions autour de la vie \u00e9tudiante et de notre food truck.","breadcrumb":{"@id":"https:\/\/wp12.cours-copm2061.helha.be\/?page_id=126#breadcrumb"},"inLanguage":"fr-FR","potentialAction":[{"@type":"ReadAction","target":["https:\/\/wp12.cours-copm2061.helha.be\/?page_id=126"]}]},{"@type":"ImageObject","inLanguage":"fr-FR","@id":"https:\/\/wp12.cours-copm2061.helha.be\/?page_id=126#primaryimage","url":"https:\/\/wp12.cours-copm2061.helha.be\/wp-content\/uploads\/2026\/04\/360_F_418874697_trvAoXSfjetoptCXpR8N8XvO3R5eLtL4.jpg","contentUrl":"https:\/\/wp12.cours-copm2061.helha.be\/wp-content\/uploads\/2026\/04\/360_F_418874697_trvAoXSfjetoptCXpR8N8XvO3R5eLtL4.jpg","width":720,"height":360},{"@type":"BreadcrumbList","@id":"https:\/\/wp12.cours-copm2061.helha.be\/?page_id=126#breadcrumb","itemListElement":[{"@type":"ListItem","position":1,"name":"Accueil","item":"https:\/\/wp12.cours-copm2061.helha.be\/"},{"@type":"ListItem","position":2,"name":"Notre podcast"}]},{"@type":"WebSite","@id":"https:\/\/wp12.cours-copm2061.helha.be\/#website","url":"https:\/\/wp12.cours-copm2061.helha.be\/","name":"Bagel and Burger","description":"Chez B&#039;N&#039;B tout en mini !","publisher":{"@id":"https:\/\/wp12.cours-copm2061.helha.be\/#organization"},"potentialAction":[{"@type":"SearchAction","target":{"@type":"EntryPoint","urlTemplate":"https:\/\/wp12.cours-copm2061.helha.be\/?s={search_term_string}"},"query-input":{"@type":"PropertyValueSpecification","valueRequired":true,"valueName":"search_term_string"}}],"inLanguage":"fr-FR"},{"@type":"Organization","@id":"https:\/\/wp12.cours-copm2061.helha.be\/#organization","name":"Bagel and Burger","url":"https:\/\/wp12.cours-copm2061.helha.be\/","logo":{"@type":"ImageObject","inLanguage":"fr-FR","@id":"https:\/\/wp12.cours-copm2061.helha.be\/#\/schema\/logo\/image\/","url":"https:\/\/wp12.cours-copm2061.helha.be\/wp-content\/uploads\/2026\/03\/Capture-decran-2026-03-27-a-20.57.57.png","contentUrl":"https:\/\/wp12.cours-copm2061.helha.be\/wp-content\/uploads\/2026\/03\/Capture-decran-2026-03-27-a-20.57.57.png","width":1168,"height":422,"caption":"Bagel and Burger"},"image":{"@id":"https:\/\/wp12.cours-copm2061.helha.be\/#\/schema\/logo\/image\/"}}]}},"_links":{"self":[{"href":"https:\/\/wp12.cours-copm2061.helha.be\/index.php?rest_route=\/wp\/v2\/pages\/126","targetHints":{"allow":["GET"]}}],"collection":[{"href":"https:\/\/wp12.cours-copm2061.helha.be\/index.php?rest_route=\/wp\/v2\/pages"}],"about":[{"href":"https:\/\/wp12.cours-copm2061.helha.be\/index.php?rest_route=\/wp\/v2\/types\/page"}],"author":[{"embeddable":true,"href":"https:\/\/wp12.cours-copm2061.helha.be\/index.php?rest_route=\/wp\/v2\/users\/1"}],"replies":[{"embeddable":true,"href":"https:\/\/wp12.cours-copm2061.helha.be\/index.php?rest_route=%2Fwp%2Fv2%2Fcomments&post=126"}],"version-history":[{"count":3,"href":"https:\/\/wp12.cours-copm2061.helha.be\/index.php?rest_route=\/wp\/v2\/pages\/126\/revisions"}],"predecessor-version":[{"id":133,"href":"https:\/\/wp12.cours-copm2061.helha.be\/index.php?rest_route=\/wp\/v2\/pages\/126\/revisions\/133"}],"wp:attachment":[{"href":"https:\/\/wp12.cours-copm2061.helha.be\/index.php?rest_route=%2Fwp%2Fv2%2Fmedia&parent=126"}],"curies":[{"name":"wp","href":"https:\/\/api.w.org\/{rel}","templated":true}]}}